{"id":764,"date":"2018-06-01T11:25:21","date_gmt":"2018-06-01T11:25:21","guid":{"rendered":"https:\/\/www.toneleriajuanpino.es\/?page_id=764"},"modified":"2023-06-08T13:11:01","modified_gmt":"2023-06-08T11:11:01","slug":"politica-de-cookies","status":"publish","type":"page","link":"https:\/\/www.toneleriajuanpino.es\/es\/politica-de-cookies\/","title":{"rendered":"Pol\u00edtica de Cookies"},"content":{"rendered":"<section class=\"kc-elm kc-css-164916 kc_row\"><div class=\"kc-row-container  kc-container\"    ><div class=\"kc-wrap-columns\"><div class=\"kc-elm kc-css-762952 kc_col-sm-12 kc_column kc_col-sm-12\"   ><div class=\"kc-col-container\"><div class=\"kc-elm kc-css-955455 kc_text_block\"   ><\/p>\n<p><strong>\u00bfQu\u00e9 son las cookies?<\/strong><\/p>\n<p>Una cookie es un fichero que se descarga en su ordenador al acceder a determinadas p\u00e1ginas web. Las cookies permiten a una p\u00e1gina web, entre otras cosas, almacenar y recuperar informaci\u00f3n sobre los h\u00e1bitos de navegaci\u00f3n de un usuario o de su equipo y, dependiendo de la informaci\u00f3n que contengan y de la forma en que utilice su equipo, pueden utilizarse para reconocer al usuario.<\/p>\n<p><strong style=\"font-style: inherit;\">\u00bfQu\u00e9 tipos de cookies existen?<\/strong><\/p>\n<p>Son de tres tipos: cookies de entidad, de tiempo y de finalidad.<\/p>\n<p>a) Cookies de entidad:<\/p>\n<p style=\"padding-left: 30px;\">&#8211; Cookies Propias: Son aquellas que se env\u00edan al equipo terminal del usuario desde un equipo o dominio gestionado por el propio editor y desde que se presta el servicio solicitado por el usuario.<\/p>\n<p style=\"padding-left: 30px;\">&#8211; Cookies de terceros: Son aquellas que se env\u00edan al equipo terminal del usuario desde un equipo o dominio que no es gestionado por el editor, sino por otra entidad que trata los datos obtenidos a trav\u00e9s de las cookies.<\/p>\n<p>b) Cookies de tiempo:<\/p>\n<p style=\"padding-left: 30px;\">&#8211; Cookies de Sesi\u00f3n: Son las dise\u00f1adas para recabar y almacenar datos mientras el usuario accede a una p\u00e1gina web. Se suelen emplear para la prestaci\u00f3n del servicio solicitado por el usuario en una sola ocasi\u00f3n.<\/p>\n<p style=\"padding-left: 30px;\">&#8211; Cookies Persistentes: Son las dise\u00f1adas para que los datos sigan almacenados en el terminal y pueden ser accedidos y tratados durante un periodo definido por el responsable de la cookie, y que puede ir de unos minutos a varios a\u00f1os.<\/p>\n<p>c) Cookies de finalidad:<\/p>\n<p style=\"padding-left: 30px;\">&#8211; Cookies de an\u00e1lisis: Las tratadas por Toneler\u00eda Juan Pino, S.L. o por terceros y que permiten a la empresa cuantificar el n\u00famero de usuarios para realizar la medici\u00f3n y an\u00e1lisis estad\u00edstico de la utilizaci\u00f3n del servicio ofertado. Para ello se analiza su navegaci\u00f3n en la p\u00e1gina web de Toneler\u00eda Juan Pino, S.L. con el fin de mejorar la oferta de sus productos o servicios.<\/p>\n<p style=\"padding-left: 30px;\">&#8211; Cookies publicitarias: Las que permiten la gesti\u00f3n de los espacios publicitarios que, en su caso, el editor haya incluido en una p\u00e1gina web, desde la que presta el servicio solicitado y en base a criterios como el contenido editado o la frecuencia en la que se muestran los anuncios.<\/p>\n<p style=\"padding-left: 30px;\">&#8211; Cookies de publicidad comportamental: Almacenan informaci\u00f3n del comportamiento de los usuarios obtenida a trav\u00e9s de la observaci\u00f3n continuada. Gracias a ellas, Toneler\u00eda Juan Pino, S.L. puede conocer los h\u00e1bitos de navegaci\u00f3n en internet y mostrar publicidad relacionada con el perfil de navegaci\u00f3n de aquellos.<\/p>\n<p style=\"padding-left: 30px;\">&#8211; Cookies de personalizaci\u00f3n: Permiten al usuario acceder al servicio con algunas caracter\u00edsticas de car\u00e1cter general predefinidas en funci\u00f3n de una serie de criterios en su terminal, tales como idioma, tipo de navegador a trav\u00e9s del cual accede al servicio, configuraci\u00f3n regional desde donde accede, etc.<\/p>\n<p style=\"padding-left: 30px;\">&#8211; Cookies t\u00e9cnicas: Permiten al usuario la navegaci\u00f3n a trav\u00e9s de una p\u00e1gina web, y la utilizaci\u00f3n de las diferentes opciones o servicios que en ella existan como, por ejemplo, controlar el tr\u00e1fico y la comunicaci\u00f3n de datos, identificar la sesi\u00f3n, acceder a partes de acceso restringido, recordar los elementos que integran un pedido, realizar el proceso de compra de un pedido, realizar la solicitud de inscripci\u00f3n o participaci\u00f3n en un evento, utilizar elementos de seguridad durante la navegaci\u00f3n, almacenar contenidos para la difusi\u00f3n de videos o sonido o compartir contenidos a trav\u00e9s de redes sociales.<\/p>\n<p><strong>\u00bfQu\u00e9 tipos de cookies utiliza esta p\u00e1gina web?<\/strong><\/p>\n<p>a) toneleriajuanpino.es<\/p>\n<table width=\"100%\">\n<tbody>\n<tr>\n<td width=\"21%\"><strong>Cookie<\/strong><\/td>\n<td width=\"17%\"><strong>Tipo<\/strong><\/td>\n<td width=\"50%\"><strong>Finalidad<\/strong><\/td>\n<td width=\"10%\"><strong>Caducidad<\/strong><\/td>\n<\/tr>\n<tr>\n<td width=\"21%\">viewed_cookie_policy<\/td>\n<td width=\"17%\">T\u00e9cnica<\/td>\n<td width=\"50%\">Se usa para visualizar y gestionar la pol\u00edtica de cookies.<\/td>\n<td width=\"10%\">1 d\u00eda<\/td>\n<\/tr>\n<tr>\n<td width=\"21%\">wordpress_test_cookie<\/td>\n<td width=\"17%\">T\u00e9cnica<\/td>\n<td width=\"40%\">Se usa para que WordPress compruebe si el navegador tiene las cookies activadas.<\/td>\n<td width=\"10%\">Cada sesi\u00f3n<\/td>\n<\/tr>\n<tr>\n<td width=\"21%\">_icl_visitor_lang_js<\/td>\n<td width=\"17%\">T\u00e9cnica<\/td>\n<td width=\"50%\">Se usa para guardar el idioma redirigido<\/td>\n<td width=\"10%\">1 d\u00eda<\/td>\n<\/tr>\n<tr>\n<td width=\"21%\">wpml_browser_redirect_test<\/td>\n<td width=\"17%\">T\u00e9cnica<\/td>\n<td width=\"50%\">Permite detectar el idioma del usuario y mostrarle la p\u00e1gina o redirigirlo al idioma correcto.<\/td>\n<td width=\"10%\">Cada sesi\u00f3n<\/td>\n<\/tr>\n<\/tbody>\n<\/table>\n<p>b) google.com<\/p>\n<table width=\"100%\">\n<tbody>\n<tr>\n<th width=\"21%\"><strong>Cookie<\/strong><\/th>\n<th width=\"17%\"><strong>Tipo<\/strong><\/th>\n<th width=\"50%\"><strong>Finalidad<\/strong><\/th>\n<th width=\"10%\"><strong>Caducidad<\/strong><\/th>\n<\/tr>\n<tr>\n<td width=\"21%\">ANID<\/td>\n<td width=\"17%\">Anal\u00edtica<\/td>\n<td width=\"50%\">Cookie publicitaria utilizada por servicios de Google que mide el rendimiento de los anuncios y proporciona recomendaciones.<\/td>\n<td width=\"10%\">2 meses<\/td>\n<\/tr>\n<tr>\n<td width=\"21%\">APISID<\/td>\n<td width=\"17%\">Anal\u00edtica<\/td>\n<td width=\"50%\">Cookie publicitaria utilizada por servicios de Google que mide el rendimiento de los anuncios y proporciona recomendaciones.<\/td>\n<td width=\"10%\">2 a\u00f1os<\/td>\n<\/tr>\n<tr>\n<td width=\"21%\">HSID, SID<\/td>\n<td width=\"17%\">Anal\u00edtica<\/td>\n<td width=\"50%\">Cookies de seguridad que contienen registros encriptados y firmados de forma digital de la hora de inicio de sesi\u00f3n m\u00e1s reciente y del ID de cuenta de Google de un usuario. La combinaci\u00f3n de estas dos cookies nos permite bloquear muchos tipos de ataques como, por ejemplo, intentos de robo del contenido de los formularios que rellenas en p\u00e1ginas web.<\/td>\n<td width=\"10%\">2 a\u00f1os<\/td>\n<\/tr>\n<tr>\n<td width=\"21%\">NID<\/td>\n<td width=\"17%\">Anal\u00edtica<\/td>\n<td width=\"50%\">La cookie NID contiene un ID \u00fanico que Google utiliza para recordar tus preferencias y otra informaci\u00f3n, como tu idioma preferido (por ejemplo, el espa\u00f1ol), el n\u00famero de resultados de b\u00fasqueda que quieres que se muestren por p\u00e1gina y si quieres que el filtro SafeSearch de Google est\u00e9 activado o desactivado.<\/td>\n<td width=\"10%\">6 meses<\/td>\n<\/tr>\n<tr>\n<td width=\"21%\">SAPISID<\/td>\n<td width=\"17%\">Anal\u00edtica<\/td>\n<td width=\"50%\">Cookie publicitaria utilizada por servicios de Google que mide el rendimiento de los anuncios y proporciona recomendaciones.<\/td>\n<td width=\"10%\">2 a\u00f1os<\/td>\n<\/tr>\n<tr>\n<td width=\"21%\">SIDCC<\/td>\n<td width=\"17%\">Anal\u00edtica<\/td>\n<td width=\"50%\">Cookie anal\u00edtica que provee servicios (como Google Maps) y extrae informaci\u00f3n an\u00f3nima sobre la navegaci\u00f3n.<\/td>\n<td width=\"10%\">3 meses<\/td>\n<\/tr>\n<tr>\n<td width=\"21%\">SSID<\/td>\n<td width=\"17%\">Anal\u00edtica<\/td>\n<td width=\"50%\">Cookie publicitaria utilizada por servicios de Google que mide el rendimiento de los anuncios y proporciona recomendaciones.<\/td>\n<td width=\"10%\">3 meses<\/td>\n<\/tr>\n<tr>\n<td width=\"21%\">CONSENT<\/td>\n<td width=\"17%\">T\u00e9cnica<\/td>\n<td width=\"50%\">Funci\u00f3n de aceptaci\u00f3n de cookies en sitios web.<\/td>\n<td width=\"10%\">13 meses<\/td>\n<\/tr>\n<\/tbody>\n<\/table>\n<p>c) M\u00e1s informaci\u00f3n de las cookies de an\u00e1lisis.<\/p>\n<p style=\"padding-left: 30px;\">La p\u00e1gina web de Toneler\u00eda Juan Pino, S.L. utiliza cookies de Google Analytics. Esta aplicaci\u00f3n ha sido desarrollada por Google, quien nos presta el servicio de medici\u00f3n y an\u00e1lisis de la audiencia de nuestras p\u00e1ginas. Asimismo puede utilizar estos datos para mejorar sus propios servicios y para ofrecer servicios a otras empresas. La informaci\u00f3n generada por la cookie sobre su uso de este sitio web ser\u00e1 transmitida y almacenada por Google en servidores en Estados Unidos. Google podr\u00e1 transmitir dicha informaci\u00f3n a terceros, cuando as\u00ed se lo requiera la legislaci\u00f3n o cuando dichos terceros la procesen por cuenta de Google. Esta \u00faltima entidad no asociar\u00e1 (parte de) su direcci\u00f3n IP con ning\u00fan otro dato del que disponga. Al utilizar este sitio web, el usuario consiente el tratamiento de su informaci\u00f3n por Google en la forma y para los fines arriba indicados.<\/p>\n<p style=\"padding-left: 30px;\">Estas herramientas no obtienen datos sobre el nombre o apellidos ni de la direcci\u00f3n postal desde donde se conecta el usuario. La informaci\u00f3n que obtienen est\u00e1 relacionada con el n\u00famero de p\u00e1ginas visitadas, idioma, red social en la que se publican las noticias de Toneler\u00eda Juan Pino, S.L., ciudad a la que est\u00e1 asignada la direcci\u00f3n IP desde la que se accede, n\u00famero de nuevos usuarios, frecuencia y reincidencia de las visitas, tiempo de las mismas, navegador, operador o tipo de terminal desde el que se realizan.<\/p>\n<p style=\"padding-left: 30px;\">Esta informaci\u00f3n se utiliza para mejorar nuestras p\u00e1ginas, detectar nuevas necesidades y valorar las mejoras a introducir con la finalidad de prestar un mejor servicio a los usuarios, adapt\u00e1ndolas, por ejemplo, a los navegadores o terminales m\u00e1s utilizados.<\/p>\n<p><span style=\"font-weight: 600;\">Acceso a datos<\/span><\/p>\n<p>Las cookies de nuestro sitio web son \u00fanicamente utilizadas por:<\/p>\n<p>TONELERIA JUAN PINO, S.L., con CIF: B14666044 y domicilio social en: Ctra. C\u00f3rdoba &#8211; M\u00e1laga Km 47,500 &#8211; 14550 Montilla (CORDOBA).<\/p>\n<p>GOOGLE SPAIN, S.L., con CIF: B63272603 y domicilio social en: Plaza Pablo Ruiz Picasso, 1, Edf Torre Picasso. 28020, Madrid (MADRID).<\/p>\n<p><strong>Redes sociales<\/strong><\/p>\n<p>a) Para m\u00e1s informaci\u00f3n de cookies de Facebook:<\/p>\n<p style=\"padding-left: 30px;\"><a href=\"https:\/\/es-es.facebook.com\/about\/privacy\/cookies\" target=\"_blank\" rel=\"noopener\">https:\/\/es-es.facebook.com\/about\/privacy\/cookies<\/a><\/p>\n<p>b) Para m\u00e1s informaci\u00f3n de cookies de Instagram:<\/p>\n<p style=\"padding-left: 30px;\"><a href=\"https:\/\/help.instagram.com\/1896641480634370\" target=\"_blank\" rel=\"noopener\">https:\/\/help.instagram.com\/1896641480634370<\/a><\/p>\n<p>c) Para m\u00e1s informaci\u00f3n de cookies de LinkedIn:<\/p>\n<p style=\"padding-left: 30px;\"><a href=\"https:\/\/www.linkedin.com\/legal\/cookie-policy\" target=\"_blank\" rel=\"noopener\">https:\/\/www.linkedin.com\/legal\/cookie-policy<\/a><\/p>\n<p><strong>Revocaci\u00f3n y eliminaci\u00f3n de cookies<\/strong><\/p>\n<p>El usuario puede configurar su ordenador de manera que no reciba cookies. Este hecho no impedir\u00e1 que se pueda acceder a la informaci\u00f3n del sitio web de Toneler\u00eda Juan Pino, S.L.. Al utilizarlo es consciente del tratamiento de los datos y los fines se\u00f1alados. Se puede encontrar informaci\u00f3n sobre c\u00f3mo hacerlo a trav\u00e9s:<\/p>\n<p><a href=\"https:\/\/support.google.com\/chrome\/answer\/95647?hl=es\" target=\"_blank\" rel=\"noopener\">Google Chrome<\/a><\/p>\n<p><a href=\"https:\/\/support.mozilla.org\/es\/kb\/cookies-informacion-que-los-sitios-web-guardan-en-?redirectlocale=en-US&amp;;redirectslug=Cookies\" target=\"_blank\" rel=\"noopener\">Mozilla Firefox<\/a><\/p>\n<p><a href=\"https:\/\/support.microsoft.com\/es-es\/help\/17442\/windows-internet-explorer-delete-manage-cookies\" target=\"_blank\" rel=\"noopener\">Internet Explorer<\/a><\/p>\n<p><a href=\"https:\/\/support.apple.com\/kb\/PH21411?locale=es_ES\" target=\"_blank\" rel=\"noopener\">Safari<\/a><\/p>\n<p><a href=\"https:\/\/support.apple.com\/es-es\/HT201265\" target=\"_blank\" rel=\"noopener\">Safari para IOS (iPhone y iPad)<\/a><\/p>\n<p>\n<\/div><\/div><\/div><\/div><\/div><\/section>\n","protected":false},"excerpt":{"rendered":"","protected":false},"author":1,"featured_media":0,"parent":0,"menu_order":0,"comment_status":"closed","ping_status":"closed","template":"","meta":{"_monsterinsights_skip_tracking":false,"_monsterinsights_sitenote_active":false,"_monsterinsights_sitenote_note":"","_monsterinsights_sitenote_category":0},"yoast_head":"<!-- This site is optimized with the Yoast SEO plugin v21.8.1 - https:\/\/yoast.com\/wordpress\/plugins\/seo\/ -->\n<title>Pol\u00edtica de Cookies - Toneler\u00eda Juan Pino<\/title>\n<meta name=\"robots\" content=\"index, follow, max-snippet:-1, max-image-preview:large, max-video-preview:-1\" \/>\n<link rel=\"canonical\" href=\"https:\/\/www.toneleriajuanpino.es\/es\/politica-de-cookies\/\" \/>\n<meta property=\"og:locale\" content=\"es_ES\" \/>\n<meta property=\"og:type\" content=\"article\" \/>\n<meta property=\"og:title\" content=\"Pol\u00edtica de Cookies - Toneler\u00eda Juan Pino\" \/>\n<meta property=\"og:description\" content=\"\u00bfQu\u00e9 son las cookies? Una cookie es un fichero que se descarga en su ordenador al acceder a determinadas p\u00e1ginas web. Las cookies permiten a una p\u00e1gina web, entre otras...\" \/>\n<meta property=\"og:url\" content=\"https:\/\/www.toneleriajuanpino.es\/es\/politica-de-cookies\/\" \/>\n<meta property=\"og:site_name\" content=\"Toneler\u00eda Juan Pino\" \/>\n<meta property=\"article:publisher\" content=\"https:\/\/es-es.facebook.com\/ToneleriaJuanPino\/\" \/>\n<meta property=\"article:modified_time\" content=\"2023-06-08T11:11:01+00:00\" \/>\n<meta name=\"twitter:card\" content=\"summary_large_image\" \/>\n<meta name=\"twitter:label1\" content=\"Tiempo de lectura\" \/>\n\t<meta name=\"twitter:data1\" content=\"6 minutos\" \/>\n<script type=\"application\/ld+json\" class=\"yoast-schema-graph\">{\"@context\":\"https:\/\/schema.org\",\"@graph\":[{\"@type\":\"WebPage\",\"@id\":\"https:\/\/www.toneleriajuanpino.es\/es\/politica-de-cookies\/\",\"url\":\"https:\/\/www.toneleriajuanpino.es\/es\/politica-de-cookies\/\",\"name\":\"Pol\u00edtica de Cookies - Toneler\u00eda Juan Pino\",\"isPartOf\":{\"@id\":\"https:\/\/www.toneleriajuanpino.es\/#website\"},\"datePublished\":\"2018-06-01T11:25:21+00:00\",\"dateModified\":\"2023-06-08T11:11:01+00:00\",\"breadcrumb\":{\"@id\":\"https:\/\/www.toneleriajuanpino.es\/es\/politica-de-cookies\/#breadcrumb\"},\"inLanguage\":\"es\",\"potentialAction\":[{\"@type\":\"ReadAction\",\"target\":[\"https:\/\/www.toneleriajuanpino.es\/es\/politica-de-cookies\/\"]}]},{\"@type\":\"BreadcrumbList\",\"@id\":\"https:\/\/www.toneleriajuanpino.es\/es\/politica-de-cookies\/#breadcrumb\",\"itemListElement\":[{\"@type\":\"ListItem\",\"position\":1,\"name\":\"Portada\",\"item\":\"https:\/\/www.toneleriajuanpino.es\/es\/\"},{\"@type\":\"ListItem\",\"position\":2,\"name\":\"Pol\u00edtica de Cookies\"}]},{\"@type\":\"WebSite\",\"@id\":\"https:\/\/www.toneleriajuanpino.es\/#website\",\"url\":\"https:\/\/www.toneleriajuanpino.es\/\",\"name\":\"Toneler\u00eda Juan Pino\",\"description\":\"Barriles de roble artesanales\",\"publisher\":{\"@id\":\"https:\/\/www.toneleriajuanpino.es\/#organization\"},\"potentialAction\":[{\"@type\":\"SearchAction\",\"target\":{\"@type\":\"EntryPoint\",\"urlTemplate\":\"https:\/\/www.toneleriajuanpino.es\/?s={search_term_string}\"},\"query-input\":\"required name=search_term_string\"}],\"inLanguage\":\"es\"},{\"@type\":\"Organization\",\"@id\":\"https:\/\/www.toneleriajuanpino.es\/#organization\",\"name\":\"Toneler\u00eda Juan Pino\",\"url\":\"https:\/\/www.toneleriajuanpino.es\/\",\"logo\":{\"@type\":\"ImageObject\",\"inLanguage\":\"es\",\"@id\":\"https:\/\/www.toneleriajuanpino.es\/#\/schema\/logo\/image\/\",\"url\":\"https:\/\/www.toneleriajuanpino.es\/wp-content\/uploads\/toneleria-juanpinio-logo.png\",\"contentUrl\":\"https:\/\/www.toneleriajuanpino.es\/wp-content\/uploads\/toneleria-juanpinio-logo.png\",\"width\":235,\"height\":125,\"caption\":\"Toneler\u00eda Juan Pino\"},\"image\":{\"@id\":\"https:\/\/www.toneleriajuanpino.es\/#\/schema\/logo\/image\/\"},\"sameAs\":[\"https:\/\/es-es.facebook.com\/ToneleriaJuanPino\/\",\"https:\/\/www.instagram.com\/toneleriajuanpino\/\",\"https:\/\/es.linkedin.com\/company\/toneleria-juan-pino-s.l.\"]}]}<\/script>\n<!-- \/ Yoast SEO plugin. -->","yoast_head_json":{"title":"Pol\u00edtica de Cookies - Toneler\u00eda Juan Pino","robots":{"index":"index","follow":"follow","max-snippet":"max-snippet:-1","max-image-preview":"max-image-preview:large","max-video-preview":"max-video-preview:-1"},"canonical":"https:\/\/www.toneleriajuanpino.es\/es\/politica-de-cookies\/","og_locale":"es_ES","og_type":"article","og_title":"Pol\u00edtica de Cookies - Toneler\u00eda Juan Pino","og_description":"\u00bfQu\u00e9 son las cookies? Una cookie es un fichero que se descarga en su ordenador al acceder a determinadas p\u00e1ginas web. Las cookies permiten a una p\u00e1gina web, entre otras...","og_url":"https:\/\/www.toneleriajuanpino.es\/es\/politica-de-cookies\/","og_site_name":"Toneler\u00eda Juan Pino","article_publisher":"https:\/\/es-es.facebook.com\/ToneleriaJuanPino\/","article_modified_time":"2023-06-08T11:11:01+00:00","twitter_card":"summary_large_image","twitter_misc":{"Tiempo de lectura":"6 minutos"},"schema":{"@context":"https:\/\/schema.org","@graph":[{"@type":"WebPage","@id":"https:\/\/www.toneleriajuanpino.es\/es\/politica-de-cookies\/","url":"https:\/\/www.toneleriajuanpino.es\/es\/politica-de-cookies\/","name":"Pol\u00edtica de Cookies - Toneler\u00eda Juan Pino","isPartOf":{"@id":"https:\/\/www.toneleriajuanpino.es\/#website"},"datePublished":"2018-06-01T11:25:21+00:00","dateModified":"2023-06-08T11:11:01+00:00","breadcrumb":{"@id":"https:\/\/www.toneleriajuanpino.es\/es\/politica-de-cookies\/#breadcrumb"},"inLanguage":"es","potentialAction":[{"@type":"ReadAction","target":["https:\/\/www.toneleriajuanpino.es\/es\/politica-de-cookies\/"]}]},{"@type":"BreadcrumbList","@id":"https:\/\/www.toneleriajuanpino.es\/es\/politica-de-cookies\/#breadcrumb","itemListElement":[{"@type":"ListItem","position":1,"name":"Portada","item":"https:\/\/www.toneleriajuanpino.es\/es\/"},{"@type":"ListItem","position":2,"name":"Pol\u00edtica de Cookies"}]},{"@type":"WebSite","@id":"https:\/\/www.toneleriajuanpino.es\/#website","url":"https:\/\/www.toneleriajuanpino.es\/","name":"Toneler\u00eda Juan Pino","description":"Barriles de roble artesanales","publisher":{"@id":"https:\/\/www.toneleriajuanpino.es\/#organization"},"potentialAction":[{"@type":"SearchAction","target":{"@type":"EntryPoint","urlTemplate":"https:\/\/www.toneleriajuanpino.es\/?s={search_term_string}"},"query-input":"required name=search_term_string"}],"inLanguage":"es"},{"@type":"Organization","@id":"https:\/\/www.toneleriajuanpino.es\/#organization","name":"Toneler\u00eda Juan Pino","url":"https:\/\/www.toneleriajuanpino.es\/","logo":{"@type":"ImageObject","inLanguage":"es","@id":"https:\/\/www.toneleriajuanpino.es\/#\/schema\/logo\/image\/","url":"https:\/\/www.toneleriajuanpino.es\/wp-content\/uploads\/toneleria-juanpinio-logo.png","contentUrl":"https:\/\/www.toneleriajuanpino.es\/wp-content\/uploads\/toneleria-juanpinio-logo.png","width":235,"height":125,"caption":"Toneler\u00eda Juan Pino"},"image":{"@id":"https:\/\/www.toneleriajuanpino.es\/#\/schema\/logo\/image\/"},"sameAs":["https:\/\/es-es.facebook.com\/ToneleriaJuanPino\/","https:\/\/www.instagram.com\/toneleriajuanpino\/","https:\/\/es.linkedin.com\/company\/toneleria-juan-pino-s.l."]}]}},"_links":{"self":[{"href":"https:\/\/www.toneleriajuanpino.es\/es\/wp-json\/wp\/v2\/pages\/764\/"}],"collection":[{"href":"https:\/\/www.toneleriajuanpino.es\/es\/wp-json\/wp\/v2\/pages\/"}],"about":[{"href":"https:\/\/www.toneleriajuanpino.es\/es\/wp-json\/wp\/v2\/types\/page\/"}],"author":[{"embeddable":true,"href":"https:\/\/www.toneleriajuanpino.es\/es\/wp-json\/wp\/v2\/users\/1\/"}],"replies":[{"embeddable":true,"href":"https:\/\/www.toneleriajuanpino.es\/es\/wp-json\/wp\/v2\/comments\/?post=764"}],"version-history":[{"count":27,"href":"https:\/\/www.toneleriajuanpino.es\/es\/wp-json\/wp\/v2\/pages\/764\/revisions\/"}],"predecessor-version":[{"id":1017,"href":"https:\/\/www.toneleriajuanpino.es\/es\/wp-json\/wp\/v2\/pages\/764\/revisions\/1017\/"}],"wp:attachment":[{"href":"https:\/\/www.toneleriajuanpino.es\/es\/wp-json\/wp\/v2\/media\/?parent=764"}],"curies":[{"name":"wp","href":"https:\/\/api.w.org\/{rel}","templated":true}]}}